{"id":27,"date":"2018-11-08T17:41:59","date_gmt":"2018-11-08T17:41:59","guid":{"rendered":"http:\/\/www.mielikuva.org\/fi\/?page_id=27"},"modified":"2018-12-03T18:19:36","modified_gmt":"2018-12-03T18:19:36","slug":"linkkeja","status":"publish","type":"page","link":"https:\/\/www.mielikuva.org\/fi\/linkkeja\/","title":{"rendered":"Linkkej\u00e4"},"content":{"rendered":"<p><a href=\"https:\/\/web.facebook.com\/groups\/408504615855334\/\" target=\"_blank\" rel=\"noopener\">Kameraseura Mielikuvan Facebook-ryhm\u00e4<\/a><\/p>\n<h3><\/h3>\n<h3 class=\"Wp-Heading-3-P\"><span class=\"Heading-3-C\">LINKKEJ\u00c4 J\u00c4SENTEN OMILLE SIVUILLE:<\/span><\/h3>\n<p class=\"Wp-Body-P\"><span class=\"Body-C\">Tuire Jalaskoski<\/span><\/p>\n<p class=\"Wp-Indented-P\" style=\"padding-left: 30px;\"><span class=\"Indented-C\"><a href=\"http:\/\/www.jalaskoski.fi\/\">http:\/\/www.jalaskoski.fi\/<\/a><\/span><\/p>\n<p class=\"Wp-Body-P\"><span class=\"Body-C\">Harri Laitinen<\/span><\/p>\n<p class=\"Wp-Indented-P\" style=\"padding-left: 30px;\"><span class=\"Indented-C\"><a href=\"http:\/\/www.hartsan.kuvat.fi\/\">http:\/\/www.hartsan.kuvat.fi\/<\/a><\/span><\/p>\n<p class=\"Wp-Body-P\"><span class=\"Body-C\">Elisa Putti<\/span><\/p>\n<p class=\"Wp-Indented-P\" style=\"padding-left: 30px;\"><span class=\"Indented-C\"><a href=\"http:\/\/puteli.galleria.fi\/kuvat\/\">http:\/\/puteli.galleria.fi\/kuvat\/<\/a><\/span><\/p>\n<p class=\"Wp-Body-P\"><span class=\"Body-C\">Veijo Rio<\/span><\/p>\n<p class=\"Wp-Indented-P\" style=\"padding-left: 30px;\"><span class=\"Indented-C\"><a href=\"http:\/\/www.photoveijorio.com\/\">http:\/\/www.photoveijorio.com\/<\/a><\/span><\/p>\n<p class=\"Wp-Body-P\"><span class=\"Body-C\">Ilkka Valkila<\/span><\/p>\n<p class=\"Wp-Indented-P\" style=\"padding-left: 30px;\"><span class=\"Indented-C\"><a href=\"https:\/\/ilkkavalkila.fi\/\">http:\/\/ilkkavalkila.fi\/<\/a><\/span><\/p>\n<h3><\/h3>\n<h3>YST\u00c4VYYSSEURAT:<\/h3>\n<p><a href=\"http:\/\/www.laajasalonvalokuvaajat.org\">Laajasalon Valokuvaajat ry<\/a><\/p>\n<p><a href=\"http:\/\/www.sksl.fi\/saimaan.kameraseura\/\">Saimaan Kameraseura ry<\/a><\/p>\n<p><a href=\"http:\/\/www.westcumbriaphotogroup.co.uk\">West Cumbria Photo Group<\/a> (Englanti)<\/p>\n<h3><\/h3>\n<h3>MUITA LINKKEJ\u00c4:<\/h3>\n<p><a href=\"http:\/\/www.sksl.fi\/\">Suomen Kameraseurojen liitto ry<\/a><\/p>\n<p><a href=\"http:\/\/nuoretvalokuvaajat.fi\">Nuoret Valokuvaajat<\/a><\/p>\n<p><a href=\"http:\/\/finnfoto.fi\">Finnfoto<\/a><\/p>\n<p><a href=\"https:\/\/kamera-lehti.fi\">Kamera-lehti<\/a><\/p>\n<p><a href=\"https:\/\/www.fiap.net\/en\">FIAP<\/a><\/p>\n<p><a href=\"http:\/\/patronages.fiap.net\">FIAP Patronage Service<\/a> (kansainv\u00e4liset n\u00e4yttelyt)<\/p>\n<p><a href=\"https:\/\/psa-photo.org\">PSA<\/a><\/p>\n<p><a href=\"https:\/\/www.gpuphoto.com\">GPU<\/a><\/p>\n<p><a href=\"http:\/\/www.nordic.photo\/\">NFFF<\/a><\/p>\n<p><a href=\"http:\/\/www.finlandcircuit.fi\">Finland International Digital Circuit<\/a><\/p>\n<p>&nbsp;<\/p>\n","protected":false},"excerpt":{"rendered":"<p>Kameraseura Mielikuvan Facebook-ryhm\u00e4 LINKKEJ\u00c4 J\u00c4SENTEN OMILLE SIVUILLE: Tuire Jalaskoski http:\/\/www.jalaskoski.fi\/ Harri Laitinen http:\/\/www.hartsan.kuvat.fi\/ Elisa Putti http:\/\/puteli.galleria.fi\/kuvat\/ Veijo Rio http:\/\/www.photoveijorio.com\/ Ilkka Valkila http:\/\/ilkkavalkila.fi\/ YST\u00c4VYYSSEURAT: Laajasalon Valokuvaajat ry Saimaan Kameraseura ry West Cumbria Photo Group (Englanti) MUITA LINKKEJ\u00c4: Suomen Kameraseurojen liitto ry Nuoret Valokuvaajat Finnfoto Kamera-lehti FIAP FIAP Patronage Service (kansainv\u00e4liset n\u00e4yttelyt) PSA GPU NFFF Finland International&hellip; <a href=\"https:\/\/www.mielikuva.org\/fi\/linkkeja\/\" class=\"more-link\">Jatka lukemista <span class=\"screen-reader-text\">Linkkej\u00e4<\/span><\/a><\/p>\n","protected":false},"author":1,"featured_media":0,"parent":0,"menu_order":0,"comment_status":"closed","ping_status":"closed","template":"","meta":{"jetpack_post_was_ever_published":false,"footnotes":""},"tags":[],"class_list":["post-27","page","type-page","status-publish","hentry","without-featured-image"],"jetpack_sharing_enabled":true,"jetpack_shortlink":"https:\/\/wp.me\/PauhWd-r","_links":{"self":[{"href":"https:\/\/www.mielikuva.org\/fi\/wp-json\/wp\/v2\/pages\/27","targetHints":{"allow":["GET"]}}],"collection":[{"href":"https:\/\/www.mielikuva.org\/fi\/wp-json\/wp\/v2\/pages"}],"about":[{"href":"https:\/\/www.mielikuva.org\/fi\/wp-json\/wp\/v2\/types\/page"}],"author":[{"embeddable":true,"href":"https:\/\/www.mielikuva.org\/fi\/wp-json\/wp\/v2\/users\/1"}],"replies":[{"embeddable":true,"href":"https:\/\/www.mielikuva.org\/fi\/wp-json\/wp\/v2\/comments?post=27"}],"version-history":[{"count":4,"href":"https:\/\/www.mielikuva.org\/fi\/wp-json\/wp\/v2\/pages\/27\/revisions"}],"predecessor-version":[{"id":142,"href":"https:\/\/www.mielikuva.org\/fi\/wp-json\/wp\/v2\/pages\/27\/revisions\/142"}],"wp:attachment":[{"href":"https:\/\/www.mielikuva.org\/fi\/wp-json\/wp\/v2\/media?parent=27"}],"wp:term":[{"taxonomy":"post_tag","embeddable":true,"href":"https:\/\/www.mielikuva.org\/fi\/wp-json\/wp\/v2\/tags?post=27"}],"curies":[{"name":"wp","href":"https:\/\/api.w.org\/{rel}","templated":true}]}}