{"id":24,"date":"2018-11-08T17:41:06","date_gmt":"2018-11-08T17:41:06","guid":{"rendered":"http:\/\/www.mielikuva.org\/fi\/?page_id=24"},"modified":"2026-02-28T06:30:53","modified_gmt":"2026-02-28T06:30:53","slug":"jasenyys","status":"publish","type":"page","link":"https:\/\/www.mielikuva.org\/fi\/info\/jasenyys\/","title":{"rendered":"J\u00e4senyys"},"content":{"rendered":"\n<p class=\"Wp-Body-P\"><span class=\"Body-C\">Tule mukaan toimintaan! Tutustu seuran <a href=\"https:\/\/www.mielikuva.org\/fi\/rekisteriseloste2021.pdf\">rekisteriselosteeseen<\/a> sek\u00e4 <a href=\"https:\/\/www.mielikuva.org\/Mielikuva\/Info_files\/Mielikuva_saannot.pdf\">s\u00e4\u00e4nt\u00f6ihin<\/a> ja t\u00e4yt\u00e4 <strong><a href=\"https:\/\/atom.flomembers.com\/kameraseura-mielikuva\/members\/application?_lang=fi\">liittymislomake<\/a><\/strong>. Lis\u00e4tietoja antaa j\u00e4sensihteeri Tuire Jalaskoski [<em><span class=\"Indented-C-C0\">tuirejalaskoski (at) gmail.com]<\/span><\/em><\/span><\/p>\n\n\n\n<p class=\"Wp-Body-P\"><span class=\"Body-C\">J\u00e4senmaksut 2026:<\/span><\/p>\n\n\n\n<ul class=\"wp-block-list\">\n<li><span class=\"Indented-C\">Henkil\u00f6j\u00e4sen 35,00 euroa, 25-v. ja nuoremmat 17,50 euroa<\/span><\/li>\n\n\n\n<li><span class=\"Indented-C\">Yhteis\u00f6-\/kannatusj\u00e4sen 200,00 euroa<\/span><\/li>\n<\/ul>\n\n\n\n<p class=\"Wp-Body-P\"><span class=\"Body-C\">Seuran pankkiyhteys:<\/span><\/p>\n\n\n\n<p>IBAN FI02 5730 0820 7509 70<br> SWIFT\/BIC OKOYFIHH<\/p>\n\n\n\n<p>Seuran j\u00e4senill\u00e4 on mahdollisuus lainata n\u00e4yt\u00f6n kalibrointilaitetta.<\/p>\n\n\n\n<p>J\u00e4senet voivat p\u00e4ivitt\u00e4\u00e4 tietojaan seuran j\u00e4senrekisteriss\u00e4 <a href=\"https:\/\/flomembers.com\/kameraseura-mielikuva\">t\u00e4st\u00e4<\/a>.<\/p>\n","protected":false},"excerpt":{"rendered":"<p>Tule mukaan toimintaan! Tutustu seuran rekisteriselosteeseen sek\u00e4 s\u00e4\u00e4nt\u00f6ihin ja t\u00e4yt\u00e4 liittymislomake. Lis\u00e4tietoja antaa j\u00e4sensihteeri Tuire Jalaskoski [tuirejalaskoski (at) gmail.com] J\u00e4senmaksut 2026: Seuran pankkiyhteys: IBAN FI02 5730 0820 7509 70 SWIFT\/BIC OKOYFIHH Seuran j\u00e4senill\u00e4 on mahdollisuus lainata n\u00e4yt\u00f6n kalibrointilaitetta. J\u00e4senet voivat p\u00e4ivitt\u00e4\u00e4 tietojaan seuran j\u00e4senrekisteriss\u00e4 t\u00e4st\u00e4.<\/p>\n","protected":false},"author":1,"featured_media":0,"parent":11,"menu_order":0,"comment_status":"closed","ping_status":"closed","template":"","meta":{"jetpack_post_was_ever_published":false,"footnotes":""},"tags":[],"class_list":["post-24","page","type-page","status-publish","hentry","without-featured-image"],"jetpack_sharing_enabled":true,"jetpack_shortlink":"https:\/\/wp.me\/PauhWd-o","_links":{"self":[{"href":"https:\/\/www.mielikuva.org\/fi\/wp-json\/wp\/v2\/pages\/24","targetHints":{"allow":["GET"]}}],"collection":[{"href":"https:\/\/www.mielikuva.org\/fi\/wp-json\/wp\/v2\/pages"}],"about":[{"href":"https:\/\/www.mielikuva.org\/fi\/wp-json\/wp\/v2\/types\/page"}],"author":[{"embeddable":true,"href":"https:\/\/www.mielikuva.org\/fi\/wp-json\/wp\/v2\/users\/1"}],"replies":[{"embeddable":true,"href":"https:\/\/www.mielikuva.org\/fi\/wp-json\/wp\/v2\/comments?post=24"}],"version-history":[{"count":20,"href":"https:\/\/www.mielikuva.org\/fi\/wp-json\/wp\/v2\/pages\/24\/revisions"}],"predecessor-version":[{"id":577,"href":"https:\/\/www.mielikuva.org\/fi\/wp-json\/wp\/v2\/pages\/24\/revisions\/577"}],"up":[{"embeddable":true,"href":"https:\/\/www.mielikuva.org\/fi\/wp-json\/wp\/v2\/pages\/11"}],"wp:attachment":[{"href":"https:\/\/www.mielikuva.org\/fi\/wp-json\/wp\/v2\/media?parent=24"}],"wp:term":[{"taxonomy":"post_tag","embeddable":true,"href":"https:\/\/www.mielikuva.org\/fi\/wp-json\/wp\/v2\/tags?post=24"}],"curies":[{"name":"wp","href":"https:\/\/api.w.org\/{rel}","templated":true}]}}